{"id":14,"date":"2019-04-10T08:57:55","date_gmt":"2019-04-10T06:57:55","guid":{"rendered":"http:\/\/rediwines.wwwprojekt.pl\/koszyk\/"},"modified":"2021-11-22T19:53:40","modified_gmt":"2021-11-22T18:53:40","slug":"koszyk","status":"publish","type":"page","link":"https:\/\/masculinum.org\/instytutsklep\/koszyk\/","title":{"rendered":"Koszyk"},"content":{"rendered":"<p><\/p>\n","protected":false},"excerpt":{"rendered":"","protected":false},"author":2,"featured_media":0,"parent":0,"menu_order":0,"comment_status":"closed","ping_status":"closed","template":"","meta":{"_acf_changed":false,"inline_featured_image":false,"footnotes":""},"class_list":["post-14","page","type-page","status-publish","hentry"],"acf":[],"yoast_head":"<!-- This site is optimized with the Yoast SEO plugin v26.1.1 - https:\/\/yoast.com\/wordpress\/plugins\/seo\/ -->\n<title>Koszyk - Masculinum - Dedykowane m\u0119\u017cczyznom<\/title>\n<meta name=\"robots\" content=\"index, follow, max-snippet:-1, max-image-preview:large, max-video-preview:-1\" \/>\n<link rel=\"canonical\" href=\"https:\/\/masculinum.org\/instytutsklep\/koszyk\/\" \/>\n<meta property=\"og:locale\" content=\"pl_PL\" \/>\n<meta property=\"og:type\" content=\"article\" \/>\n<meta property=\"og:title\" content=\"Koszyk - Masculinum - Dedykowane m\u0119\u017cczyznom\" \/>\n<meta property=\"og:url\" content=\"https:\/\/masculinum.org\/instytutsklep\/koszyk\/\" \/>\n<meta property=\"og:site_name\" content=\"Masculinum - Dedykowane m\u0119\u017cczyznom\" \/>\n<meta property=\"article:modified_time\" content=\"2021-11-22T18:53:40+00:00\" \/>\n<meta name=\"twitter:card\" content=\"summary_large_image\" \/>\n<script type=\"application\/ld+json\" class=\"yoast-schema-graph\">{\"@context\":\"https:\/\/schema.org\",\"@graph\":[{\"@type\":\"WebPage\",\"@id\":\"https:\/\/masculinum.org\/instytutsklep\/koszyk\/\",\"url\":\"https:\/\/masculinum.org\/instytutsklep\/koszyk\/\",\"name\":\"Koszyk - Masculinum - Dedykowane m\u0119\u017cczyznom\",\"isPartOf\":{\"@id\":\"https:\/\/masculinum.org\/instytutsklep\/#website\"},\"datePublished\":\"2019-04-10T06:57:55+00:00\",\"dateModified\":\"2021-11-22T18:53:40+00:00\",\"breadcrumb\":{\"@id\":\"https:\/\/masculinum.org\/instytutsklep\/koszyk\/#breadcrumb\"},\"inLanguage\":\"pl-PL\",\"potentialAction\":[{\"@type\":\"ReadAction\",\"target\":[\"https:\/\/masculinum.org\/instytutsklep\/koszyk\/\"]}]},{\"@type\":\"BreadcrumbList\",\"@id\":\"https:\/\/masculinum.org\/instytutsklep\/koszyk\/#breadcrumb\",\"itemListElement\":[{\"@type\":\"ListItem\",\"position\":1,\"name\":\"Strona g\u0142\u00f3wna\",\"item\":\"https:\/\/masculinum.org\/instytutsklep\/\"},{\"@type\":\"ListItem\",\"position\":2,\"name\":\"Koszyk\"}]},{\"@type\":\"WebSite\",\"@id\":\"https:\/\/masculinum.org\/instytutsklep\/#website\",\"url\":\"https:\/\/masculinum.org\/instytutsklep\/\",\"name\":\"Masculinum - Dedykowane m\u0119\u017cczyznom\",\"description\":\"Wspieramy m\u0119\u017cczyzn w poszukiwaniu odpowiedzi zwi\u0105zanych z ich to\u017csamo\u015bci\u0105, pe\u0142nionymi rolami i wprowadzaniem \u017cyciowych zmian.\",\"potentialAction\":[{\"@type\":\"SearchAction\",\"target\":{\"@type\":\"EntryPoint\",\"urlTemplate\":\"https:\/\/masculinum.org\/instytutsklep\/?s={search_term_string}\"},\"query-input\":{\"@type\":\"PropertyValueSpecification\",\"valueRequired\":true,\"valueName\":\"search_term_string\"}}],\"inLanguage\":\"pl-PL\"}]}<\/script>\n<!-- \/ Yoast SEO plugin. -->","yoast_head_json":{"title":"Koszyk - Masculinum - Dedykowane m\u0119\u017cczyznom","robots":{"index":"index","follow":"follow","max-snippet":"max-snippet:-1","max-image-preview":"max-image-preview:large","max-video-preview":"max-video-preview:-1"},"canonical":"https:\/\/masculinum.org\/instytutsklep\/koszyk\/","og_locale":"pl_PL","og_type":"article","og_title":"Koszyk - Masculinum - Dedykowane m\u0119\u017cczyznom","og_url":"https:\/\/masculinum.org\/instytutsklep\/koszyk\/","og_site_name":"Masculinum - Dedykowane m\u0119\u017cczyznom","article_modified_time":"2021-11-22T18:53:40+00:00","twitter_card":"summary_large_image","schema":{"@context":"https:\/\/schema.org","@graph":[{"@type":"WebPage","@id":"https:\/\/masculinum.org\/instytutsklep\/koszyk\/","url":"https:\/\/masculinum.org\/instytutsklep\/koszyk\/","name":"Koszyk - Masculinum - Dedykowane m\u0119\u017cczyznom","isPartOf":{"@id":"https:\/\/masculinum.org\/instytutsklep\/#website"},"datePublished":"2019-04-10T06:57:55+00:00","dateModified":"2021-11-22T18:53:40+00:00","breadcrumb":{"@id":"https:\/\/masculinum.org\/instytutsklep\/koszyk\/#breadcrumb"},"inLanguage":"pl-PL","potentialAction":[{"@type":"ReadAction","target":["https:\/\/masculinum.org\/instytutsklep\/koszyk\/"]}]},{"@type":"BreadcrumbList","@id":"https:\/\/masculinum.org\/instytutsklep\/koszyk\/#breadcrumb","itemListElement":[{"@type":"ListItem","position":1,"name":"Strona g\u0142\u00f3wna","item":"https:\/\/masculinum.org\/instytutsklep\/"},{"@type":"ListItem","position":2,"name":"Koszyk"}]},{"@type":"WebSite","@id":"https:\/\/masculinum.org\/instytutsklep\/#website","url":"https:\/\/masculinum.org\/instytutsklep\/","name":"Masculinum - Dedykowane m\u0119\u017cczyznom","description":"Wspieramy m\u0119\u017cczyzn w poszukiwaniu odpowiedzi zwi\u0105zanych z ich to\u017csamo\u015bci\u0105, pe\u0142nionymi rolami i wprowadzaniem \u017cyciowych zmian.","potentialAction":[{"@type":"SearchAction","target":{"@type":"EntryPoint","urlTemplate":"https:\/\/masculinum.org\/instytutsklep\/?s={search_term_string}"},"query-input":{"@type":"PropertyValueSpecification","valueRequired":true,"valueName":"search_term_string"}}],"inLanguage":"pl-PL"}]}},"_links":{"self":[{"href":"https:\/\/masculinum.org\/instytutsklep\/wp-json\/wp\/v2\/pages\/14","targetHints":{"allow":["GET"]}}],"collection":[{"href":"https:\/\/masculinum.org\/instytutsklep\/wp-json\/wp\/v2\/pages"}],"about":[{"href":"https:\/\/masculinum.org\/instytutsklep\/wp-json\/wp\/v2\/types\/page"}],"author":[{"embeddable":true,"href":"https:\/\/masculinum.org\/instytutsklep\/wp-json\/wp\/v2\/users\/2"}],"replies":[{"embeddable":true,"href":"https:\/\/masculinum.org\/instytutsklep\/wp-json\/wp\/v2\/comments?post=14"}],"version-history":[{"count":0,"href":"https:\/\/masculinum.org\/instytutsklep\/wp-json\/wp\/v2\/pages\/14\/revisions"}],"wp:attachment":[{"href":"https:\/\/masculinum.org\/instytutsklep\/wp-json\/wp\/v2\/media?parent=14"}],"curies":[{"name":"wp","href":"https:\/\/api.w.org\/{rel}","templated":true}]}}