{"id":5359,"date":"2026-01-19T12:43:53","date_gmt":"2026-01-19T11:43:53","guid":{"rendered":"https:\/\/masculinum.org\/instytutsklep\/?page_id=5359"},"modified":"2026-01-19T12:46:19","modified_gmt":"2026-01-19T11:46:19","slug":"iframe","status":"publish","type":"page","link":"https:\/\/masculinum.org\/instytutsklep\/iframe\/","title":{"rendered":"iframe"},"content":{"rendered":"","protected":false},"excerpt":{"rendered":"","protected":false},"author":2,"featured_media":0,"parent":0,"menu_order":0,"comment_status":"closed","ping_status":"closed","template":"","meta":{"_acf_changed":false,"inline_featured_image":false,"footnotes":""},"class_list":["post-5359","page","type-page","status-publish","hentry"],"acf":[],"yoast_head":"<!-- This site is optimized with the Yoast SEO plugin v26.1.1 - https:\/\/yoast.com\/wordpress\/plugins\/seo\/ -->\n<title>iframe - Masculinum - Dedykowane m\u0119\u017cczyznom<\/title>\n<meta name=\"robots\" content=\"noindex, nofollow\" \/>\n<meta property=\"og:locale\" content=\"pl_PL\" \/>\n<meta property=\"og:type\" content=\"article\" \/>\n<meta property=\"og:title\" content=\"iframe - Masculinum - Dedykowane m\u0119\u017cczyznom\" \/>\n<meta property=\"og:url\" content=\"https:\/\/masculinum.org\/instytutsklep\/iframe\/\" \/>\n<meta property=\"og:site_name\" content=\"Masculinum - Dedykowane m\u0119\u017cczyznom\" \/>\n<meta property=\"article:modified_time\" content=\"2026-01-19T11:46:19+00:00\" \/>\n<meta name=\"twitter:card\" content=\"summary_large_image\" \/>\n<script type=\"application\/ld+json\" class=\"yoast-schema-graph\">{\"@context\":\"https:\/\/schema.org\",\"@graph\":[{\"@type\":\"WebPage\",\"@id\":\"https:\/\/masculinum.org\/instytutsklep\/iframe\/\",\"url\":\"https:\/\/masculinum.org\/instytutsklep\/iframe\/\",\"name\":\"iframe - Masculinum - Dedykowane m\u0119\u017cczyznom\",\"isPartOf\":{\"@id\":\"https:\/\/masculinum.org\/instytutsklep\/#website\"},\"datePublished\":\"2026-01-19T11:43:53+00:00\",\"dateModified\":\"2026-01-19T11:46:19+00:00\",\"breadcrumb\":{\"@id\":\"https:\/\/masculinum.org\/instytutsklep\/iframe\/#breadcrumb\"},\"inLanguage\":\"pl-PL\",\"potentialAction\":[{\"@type\":\"ReadAction\",\"target\":[\"https:\/\/masculinum.org\/instytutsklep\/iframe\/\"]}]},{\"@type\":\"BreadcrumbList\",\"@id\":\"https:\/\/masculinum.org\/instytutsklep\/iframe\/#breadcrumb\",\"itemListElement\":[{\"@type\":\"ListItem\",\"position\":1,\"name\":\"Strona g\u0142\u00f3wna\",\"item\":\"https:\/\/masculinum.org\/instytutsklep\/\"},{\"@type\":\"ListItem\",\"position\":2,\"name\":\"iframe\"}]},{\"@type\":\"WebSite\",\"@id\":\"https:\/\/masculinum.org\/instytutsklep\/#website\",\"url\":\"https:\/\/masculinum.org\/instytutsklep\/\",\"name\":\"Masculinum - Dedykowane m\u0119\u017cczyznom\",\"description\":\"Wspieramy m\u0119\u017cczyzn w poszukiwaniu odpowiedzi zwi\u0105zanych z ich to\u017csamo\u015bci\u0105, pe\u0142nionymi rolami i wprowadzaniem \u017cyciowych zmian.\",\"potentialAction\":[{\"@type\":\"SearchAction\",\"target\":{\"@type\":\"EntryPoint\",\"urlTemplate\":\"https:\/\/masculinum.org\/instytutsklep\/?s={search_term_string}\"},\"query-input\":{\"@type\":\"PropertyValueSpecification\",\"valueRequired\":true,\"valueName\":\"search_term_string\"}}],\"inLanguage\":\"pl-PL\"}]}<\/script>\n<!-- \/ Yoast SEO plugin. -->","yoast_head_json":{"title":"iframe - Masculinum - Dedykowane m\u0119\u017cczyznom","robots":{"index":"noindex","follow":"nofollow"},"og_locale":"pl_PL","og_type":"article","og_title":"iframe - Masculinum - Dedykowane m\u0119\u017cczyznom","og_url":"https:\/\/masculinum.org\/instytutsklep\/iframe\/","og_site_name":"Masculinum - Dedykowane m\u0119\u017cczyznom","article_modified_time":"2026-01-19T11:46:19+00:00","twitter_card":"summary_large_image","schema":{"@context":"https:\/\/schema.org","@graph":[{"@type":"WebPage","@id":"https:\/\/masculinum.org\/instytutsklep\/iframe\/","url":"https:\/\/masculinum.org\/instytutsklep\/iframe\/","name":"iframe - Masculinum - Dedykowane m\u0119\u017cczyznom","isPartOf":{"@id":"https:\/\/masculinum.org\/instytutsklep\/#website"},"datePublished":"2026-01-19T11:43:53+00:00","dateModified":"2026-01-19T11:46:19+00:00","breadcrumb":{"@id":"https:\/\/masculinum.org\/instytutsklep\/iframe\/#breadcrumb"},"inLanguage":"pl-PL","potentialAction":[{"@type":"ReadAction","target":["https:\/\/masculinum.org\/instytutsklep\/iframe\/"]}]},{"@type":"BreadcrumbList","@id":"https:\/\/masculinum.org\/instytutsklep\/iframe\/#breadcrumb","itemListElement":[{"@type":"ListItem","position":1,"name":"Strona g\u0142\u00f3wna","item":"https:\/\/masculinum.org\/instytutsklep\/"},{"@type":"ListItem","position":2,"name":"iframe"}]},{"@type":"WebSite","@id":"https:\/\/masculinum.org\/instytutsklep\/#website","url":"https:\/\/masculinum.org\/instytutsklep\/","name":"Masculinum - Dedykowane m\u0119\u017cczyznom","description":"Wspieramy m\u0119\u017cczyzn w poszukiwaniu odpowiedzi zwi\u0105zanych z ich to\u017csamo\u015bci\u0105, pe\u0142nionymi rolami i wprowadzaniem \u017cyciowych zmian.","potentialAction":[{"@type":"SearchAction","target":{"@type":"EntryPoint","urlTemplate":"https:\/\/masculinum.org\/instytutsklep\/?s={search_term_string}"},"query-input":{"@type":"PropertyValueSpecification","valueRequired":true,"valueName":"search_term_string"}}],"inLanguage":"pl-PL"}]}},"_links":{"self":[{"href":"https:\/\/masculinum.org\/instytutsklep\/wp-json\/wp\/v2\/pages\/5359","targetHints":{"allow":["GET"]}}],"collection":[{"href":"https:\/\/masculinum.org\/instytutsklep\/wp-json\/wp\/v2\/pages"}],"about":[{"href":"https:\/\/masculinum.org\/instytutsklep\/wp-json\/wp\/v2\/types\/page"}],"author":[{"embeddable":true,"href":"https:\/\/masculinum.org\/instytutsklep\/wp-json\/wp\/v2\/users\/2"}],"replies":[{"embeddable":true,"href":"https:\/\/masculinum.org\/instytutsklep\/wp-json\/wp\/v2\/comments?post=5359"}],"version-history":[{"count":3,"href":"https:\/\/masculinum.org\/instytutsklep\/wp-json\/wp\/v2\/pages\/5359\/revisions"}],"predecessor-version":[{"id":5362,"href":"https:\/\/masculinum.org\/instytutsklep\/wp-json\/wp\/v2\/pages\/5359\/revisions\/5362"}],"wp:attachment":[{"href":"https:\/\/masculinum.org\/instytutsklep\/wp-json\/wp\/v2\/media?parent=5359"}],"curies":[{"name":"wp","href":"https:\/\/api.w.org\/{rel}","templated":true}]}}